{"id":9351,"date":"2021-08-03T07:25:33","date_gmt":"2021-08-03T07:25:33","guid":{"rendered":"http:\/\/www.swaytheme.com\/?page_id=9058"},"modified":"2023-06-15T20:11:00","modified_gmt":"2023-06-15T20:11:00","slug":"preguntas_frecuentes","status":"publish","type":"page","link":"https:\/\/masempleoandi.com.co\/orientacion\/preguntas_frecuentes\/","title":{"rendered":"PREGUNTAS FRECUENTES"},"content":{"rendered":"<section class=\"wpb-content-wrapper\"><p>[vc_row kd_background_overlay=&#8221;default&#8221; kd_background_image_position=&#8221;vc_row-bg-position-top&#8221; css=&#8221;.vc_custom_1649927010724{padding-top: 100px !important;padding-bottom: 50px !important;}&#8221;][vc_column width=&#8221;1\/3&#8243; kd_sticky_column=&#8221;true&#8221; offset=&#8221;vc_col-lg-4 vc_col-md-12 vc_col-xs-12&#8243; css=&#8221;.vc_custom_1649928456281{padding-bottom: 50px !important;}&#8221;]<header class=\"kd-section-title col-lg-12 text-left kd-animated fadeIn\" ><h3 class=\"kd-main-title separator_off\" >Personas<\/h3><h6 class=\"subtitle\" style=\"font-size:18px;\">En esta secci\u00f3n responderemos preguntas de Personas:<\/h6><\/header>[\/vc_column][vc_column width=&#8221;2\/3&#8243; offset=&#8221;vc_col-lg-8 vc_col-md-12 vc_col-xs-12&#8243; css=&#8221;.vc_custom_1649926007709{padding-left: 45px !important;}&#8221; css_tablet_landscape=&#8221;.vc_custom_1649926007710{padding-left: 15px !important;}&#8221; css_tablet_portrait=&#8221;.vc_custom_1649926007710{padding-left: 15px !important;}&#8221; css_mobile=&#8221;.vc_custom_1649926007710{padding-left: 15px !important;}&#8221;][vc_row_inner kd_background_overlay=&#8221;default&#8221; kd_background_image_position=&#8221;vc_row-bg-position-top&#8221; css=&#8221;.vc_custom_1649925930540{margin-bottom: 30px !important;}&#8221;][vc_column_inner]<header class=\"kd-section-title col-lg-12 text-left\" ><h3 class=\"kd-main-title separator_off\" >\u00bfQui\u00e9nes pueden postularse?<\/h3><\/header>[vc_column_text]Cualquier persona con o sin experiencia que se encuentre en b\u00fasqueda de trabajo y cumpla con el paso a paso de M\u00e1s Empleo.[\/vc_column_text][\/vc_column_inner][\/vc_row_inner][vc_row_inner kd_background_overlay=&#8221;default&#8221; kd_background_image_position=&#8221;vc_row-bg-position-top&#8221; css=&#8221;.vc_custom_1649925930540{margin-bottom: 30px !important;}&#8221;][vc_column_inner]<header class=\"kd-section-title col-lg-12 text-left\" ><h3 class=\"kd-main-title separator_off\" >\u00bfSi tengo alguna duda referente a la navegaci\u00f3n o servicios ofrecidos con qui\u00e9n puedo contactarme?<\/h3><\/header>[vc_column_text]El servicio de M\u00e1s Empleo de la ANDI pone a tu disposici\u00f3n el siguiente canal para acompa\u00f1ar tu proceso de b\u00fasqueda de empleo:<\/p>\n<p><strong>andimasempleo@andi.com.co<\/strong>[\/vc_column_text][\/vc_column_inner][\/vc_row_inner][vc_row_inner kd_background_overlay=&#8221;default&#8221; kd_background_image_position=&#8221;vc_row-bg-position-top&#8221; css=&#8221;.vc_custom_1649925930540{margin-bottom: 30px !important;}&#8221;][vc_column_inner]<header class=\"kd-section-title col-lg-12 text-left\" ><h3 class=\"kd-main-title separator_off\" >\u00bfLa contrataci\u00f3n est\u00e1 garantizada?<\/h3><\/header>[vc_column_text]Es importante que sepas que no garantizamos la contrataci\u00f3n, ya que esta decisi\u00f3n depende de cada empresa que publica la vacante, sus necesidades y criterios.<\/p>\n<p>En M\u00e1s Empleo te brindamos informaci\u00f3n, herramientas y recursos para mejorar tus posibilidades de encontrar trabajo: nuestro compromiso es aportar para que cada vez m\u00e1s personas puedan contar un empleo formal y de calidad que les genere bienestar y contribuya al crecimiento sostenible y la prosperidad del pa\u00eds.[\/vc_column_text][\/vc_column_inner][\/vc_row_inner][vc_row_inner kd_background_overlay=&#8221;default&#8221; kd_background_image_position=&#8221;vc_row-bg-position-top&#8221; css=&#8221;.vc_custom_1649925930540{margin-bottom: 30px !important;}&#8221;][vc_column_inner]<header class=\"kd-section-title col-lg-12 text-left\" ><h3 class=\"kd-main-title separator_off\" >\u00bfLos servicios de M\u00e1s Empleo tienen alg\u00fan costo?<\/h3><\/header>[vc_column_text]Los servicios de M\u00e1s Empleo no tienen ning\u00fan costo, ni para empresas ni para personas. Si eres una persona en busca de empleo, recuerda que no debes pagar para participar de procesos de selecci\u00f3n. As\u00ed dir\u00e1s #MeProtejo del fraude. Si te piden dinero por alguna postulaci\u00f3n, escr\u00edbenos al correo\u00a0<strong>andimasempleo@andi.com.co<\/strong>[\/vc_column_text][\/vc_column_inner][\/vc_row_inner][\/vc_column][\/vc_row][vc_row full_width=&#8221;stretch_row_content&#8221; kd_background_overlay=&#8221;default&#8221; kd_background_image_position=&#8221;vc_row-bg-position-top&#8221; css=&#8221;.vc_custom_1649926179375{padding-top: 1px !important;padding-bottom: 1px !important;}&#8221;][vc_column][vc_separator color=&#8221;custom&#8221; accent_color=&#8221;#e7e7e7&#8243;][\/vc_column][\/vc_row][vc_row kd_background_overlay=&#8221;default&#8221; kd_background_image_position=&#8221;vc_row-bg-position-top&#8221; css=&#8221;.vc_custom_1649926211185{padding-top: 100px !important;padding-bottom: 20px !important;}&#8221;][vc_column width=&#8221;1\/3&#8243; kd_sticky_column=&#8221;true&#8221; offset=&#8221;vc_col-lg-4 vc_col-md-12 vc_col-xs-12&#8243; css=&#8221;.vc_custom_1649928494523{padding-bottom: 70px !important;}&#8221;]<header class=\"kd-section-title col-lg-12 text-left kd-animated fadeIn\" ><h3 class=\"kd-main-title separator_off\" >Empresas<\/h3><h6 class=\"subtitle\" style=\"font-size:18px;\">En esta secci\u00f3n responderemos preguntas de Personas:<\/h6><\/header>[\/vc_column][vc_column width=&#8221;2\/3&#8243; offset=&#8221;vc_col-lg-8 vc_col-md-12 vc_col-xs-12&#8243; css=&#8221;.vc_custom_1649926007709{padding-left: 45px !important;}&#8221; css_tablet_landscape=&#8221;.vc_custom_1649926007710{padding-left: 15px !important;}&#8221; css_tablet_portrait=&#8221;.vc_custom_1649926007710{padding-left: 15px !important;}&#8221; css_mobile=&#8221;.vc_custom_1649926007710{padding-left: 15px !important;}&#8221;][vc_row_inner kd_background_overlay=&#8221;default&#8221; kd_background_image_position=&#8221;vc_row-bg-position-top&#8221; css=&#8221;.vc_custom_1649925930540{margin-bottom: 30px !important;}&#8221;][vc_column_inner]<header class=\"kd-section-title col-lg-12 text-left\" ><h3 class=\"kd-main-title separator_off\" >\u00bfQu\u00e9 empresas pueden publicar sus vacantes?<\/h3><\/header>[vc_column_text]M\u00e1s Empleo es un portal exclusivo de empresas ANDI[\/vc_column_text][\/vc_column_inner][\/vc_row_inner][vc_row_inner kd_background_overlay=&#8221;default&#8221; kd_background_image_position=&#8221;vc_row-bg-position-top&#8221; css=&#8221;.vc_custom_1649925930540{margin-bottom: 30px !important;}&#8221;][vc_column_inner]<header class=\"kd-section-title col-lg-12 text-left\" ><h3 class=\"kd-main-title separator_off\" >\u00bfSi tengo alguna duda referente al registro y la navegaci\u00f3n qu\u00e9 debo hacer?<\/h3><\/header>[vc_column_text]El servicio de M\u00e1s Empleo de la ANDI pone a tu disposici\u00f3n el siguiente canal para acompa\u00f1ar y guiar tu proceso en las b\u00fasqueda de tu pr\u00f3ximo candidato:<\/p>\n<p><a href=\"mailto:andimasempleo@andi.com.co\"><em>andimasempleo@andi.com.co<\/em><\/a>[\/vc_column_text][\/vc_column_inner][\/vc_row_inner][vc_row_inner kd_background_overlay=&#8221;default&#8221; kd_background_image_position=&#8221;vc_row-bg-position-top&#8221; css=&#8221;.vc_custom_1649925930540{margin-bottom: 30px !important;}&#8221;][vc_column_inner]<header class=\"kd-section-title col-lg-12 text-left\" ><h3 class=\"kd-main-title separator_off\" >\u00bfEl servicio de M\u00e1s Empleo tiene alg\u00fan costo?<\/h3><\/header>[vc_column_text]No, es un servicio gratuito con el que buscamos conectar las oportunidades de empleo formal y de calidad que ofrecen las empresas con el talento disponible en nuestro pa\u00eds, para as\u00ed contribuir al bienestar y prosperidad de Colombia.[\/vc_column_text][\/vc_column_inner][\/vc_row_inner][vc_row_inner kd_background_overlay=&#8221;default&#8221; kd_background_image_position=&#8221;vc_row-bg-position-top&#8221; css=&#8221;.vc_custom_1649925930540{margin-bottom: 30px !important;}&#8221;][vc_column_inner]<header class=\"kd-section-title col-lg-12 text-left\" ><h3 class=\"kd-main-title separator_off\" >\u00bfQu\u00e9 tipos de vacantes puedo gestionar con M\u00e1s Empleo?<\/h3><\/header>[vc_column_text]Las empresas inscritas en nuestra plataforma podr\u00e1n gestionar vacantes para todo tipo de cargos, independientemente de su perfil.[\/vc_column_text][\/vc_column_inner][\/vc_row_inner][vc_row_inner kd_background_overlay=&#8221;default&#8221; kd_background_image_position=&#8221;vc_row-bg-position-top&#8221; css=&#8221;.vc_custom_1649925930540{margin-bottom: 30px !important;}&#8221;][vc_column_inner]<header class=\"kd-section-title col-lg-12 text-left\" ><h3 class=\"kd-main-title separator_off\" >\u00bfD\u00f3nde son publicadas las vacantes de M\u00e1s Empleo?<\/h3><\/header>[vc_column_text]Las personas podr\u00e1n encontrar las ofertas laborales en la secci\u00f3n \u201cVacantes\u201d de nuestra p\u00e1gina web <a href=\"https:\/\/www.masempleo.com.co\/buscar_empleo\">https:\/\/www.masempleo.com.co\/buscar_empleo<\/a>. Adicionalmente, contamos con redes sociales y otras acciones de difusi\u00f3n pensadas para cumplir nuestro objetivo de conectar talento con las oportunidades de trabajo.[\/vc_column_text][\/vc_column_inner][\/vc_row_inner][\/vc_column][\/vc_row][vc_row full_width=&#8221;stretch_row_content&#8221; kd_background_overlay=&#8221;default&#8221; kd_background_image_position=&#8221;vc_row-bg-position-top&#8221; css=&#8221;.vc_custom_1649926179375{padding-top: 1px !important;padding-bottom: 1px !important;}&#8221;][vc_column][vc_separator color=&#8221;custom&#8221; accent_color=&#8221;#e7e7e7&#8243;][\/vc_column][\/vc_row]<\/p>\n<\/section>","protected":false},"excerpt":{"rendered":"<p>[vc_row kd_background_overlay=&#8221;default&#8221; kd_background_image_position=&#8221;vc_row-bg-position-top&#8221; css=&#8221;.vc_custom_1649927010724{padding-top: 100px !important;padding-bottom: 50px !important;}&#8221;][vc_column width=&#8221;1\/3&#8243; kd_sticky_column=&#8221;true&#8221; offset=&#8221;vc_col-lg-4 vc_col-md-12 vc_col-xs-12&#8243; css=&#8221;.vc_custom_1649928456281{padding-bottom: 50px !important;}&#8221;][\/vc_column][vc_column width=&#8221;2\/3&#8243; offset=&#8221;vc_col-lg-8 vc_col-md-12 vc_col-xs-12&#8243; [&hellip;]<\/p>\n","protected":false},"author":1,"featured_media":0,"parent":0,"menu_order":0,"comment_status":"closed","ping_status":"closed","template":"","meta":{"_monsterinsights_skip_tracking":false,"_monsterinsights_sitenote_active":false,"_monsterinsights_sitenote_note":"","_monsterinsights_sitenote_category":0,"footnotes":""},"class_list":["post-9351","page","type-page","status-publish","hentry"],"_links":{"self":[{"href":"https:\/\/masempleoandi.com.co\/orientacion\/wp-json\/wp\/v2\/pages\/9351","targetHints":{"allow":["GET"]}}],"collection":[{"href":"https:\/\/masempleoandi.com.co\/orientacion\/wp-json\/wp\/v2\/pages"}],"about":[{"href":"https:\/\/masempleoandi.com.co\/orientacion\/wp-json\/wp\/v2\/types\/page"}],"author":[{"embeddable":true,"href":"https:\/\/masempleoandi.com.co\/orientacion\/wp-json\/wp\/v2\/users\/1"}],"replies":[{"embeddable":true,"href":"https:\/\/masempleoandi.com.co\/orientacion\/wp-json\/wp\/v2\/comments?post=9351"}],"version-history":[{"count":13,"href":"https:\/\/masempleoandi.com.co\/orientacion\/wp-json\/wp\/v2\/pages\/9351\/revisions"}],"predecessor-version":[{"id":12361,"href":"https:\/\/masempleoandi.com.co\/orientacion\/wp-json\/wp\/v2\/pages\/9351\/revisions\/12361"}],"wp:attachment":[{"href":"https:\/\/masempleoandi.com.co\/orientacion\/wp-json\/wp\/v2\/media?parent=9351"}],"curies":[{"name":"wp","href":"https:\/\/api.w.org\/{rel}","templated":true}]}}