{"id":8,"date":"2022-02-14T14:31:28","date_gmt":"2022-02-14T14:31:28","guid":{"rendered":"https:\/\/www.vivatheme.com\/business\/?page_id=7"},"modified":"2026-03-18T22:05:41","modified_gmt":"2026-03-18T22:05:41","slug":"personas","status":"publish","type":"page","link":"https:\/\/masempleoandi.com.co\/orientacion\/","title":{"rendered":"PERSONAS"},"content":{"rendered":"<section class=\"wpb-content-wrapper\"><p>[vc_row full_width=&#8221;stretch_row&#8221; content_placement=&#8221;middle&#8221; kd_background_overlay=&#8221;default&#8221; kd_background_image_position=&#8221;vc_row-bg-position-top&#8221; css=&#8221;.vc_custom_1686672831365{padding-top: 150px !important;padding-bottom: 60px !important;background-position: center !important;background-repeat: no-repeat !important;background-size: cover !important;}&#8221; css_mobile=&#8221;.vc_custom_1686672831366{padding-top: 100px !important;}&#8221; css_tablet_portrait=&#8221;.vc_custom_1686672831366{padding-top: 50px !important;}&#8221; css_tablet_landscape=&#8221;.vc_custom_1686672831366{padding-top: 160px !important;}&#8221;][vc_column][vc_row_inner kd_background_overlay=&#8221;default&#8221; kd_background_image_position=&#8221;vc_row-bg-position-top&#8221;][vc_column_inner width=&#8221;5\/12&#8243; css=&#8221;.vc_custom_1649249808333{margin-left: 0px !important;padding-top: 120px !important;padding-right: 0px !important;padding-left: 0px !important;}&#8221; css_mobile=&#8221;.vc_custom_1649249808333{padding-top: 0px !important;}&#8221; offset=&#8221;vc_col-lg-5&#8243; css_tablet_portrait=&#8221;.vc_custom_1649249808333{padding-top: 100px !important;}&#8221; css_tablet_landscape=&#8221;.vc_custom_1649249808333{padding-top: 50px !important;}&#8221;]<header class=\"kd-section-title col-lg-12 text-left  vc_custom_1686861341235 kd-animated fadeIn\" data-animation-delay=200><h2 class=\"kd-main-title separator_off\" style=\"font-size: 65px;line-height: 80px;\">PERSONAS<\/h2><h6 class=\"subtitle\" style=\"font-size:20px;\">Encuentra aqu\u00ed toda la informaci\u00f3n que necesitas para vincularte a M\u00e1s Empleo y encontrar el trabajo de tus sue\u00f1os.<\/h6><\/header>[\/vc_column_inner][vc_column_inner width=&#8221;7\/12&#8243; css=&#8221;.vc_custom_1649250059711{padding-right: 0px !important;padding-left: 0px !important;}&#8221; offset=&#8221;vc_col-lg-7&#8243; css_mobile=&#8221;.vc_custom_1649250059712{padding-right: 170px !important;}&#8221;][vc_single_image image=&#8221;12223&#8243; img_size=&#8221;full&#8221; alignment=&#8221;center&#8221; style=&#8221;vc_box_shadow_3d&#8221; css_animation=&#8221;fadeIn&#8221; css=&#8221;.vc_custom_1686954057501{margin-right: -170px !important;}&#8221;][\/vc_column_inner][\/vc_row_inner][\/vc_column][\/vc_row][vc_row full_width=&#8221;stretch_row&#8221; kd_background_overlay=&#8221;gray-color&#8221; kd_background_image_position=&#8221;vc_row-bg-position-top&#8221; css=&#8221;.vc_custom_1686674358065{padding-top: 50px !important;}&#8221; el_class=&#8221;overflow-fix&#8221; el_id=&#8221;discover-now&#8221;][vc_column]<header class=\"kd-section-title col-lg-12 text-center solid-line sep-border-width-1 20px kd-animated fadeIn\" data-animation-delay=200><div class=\"kd-separator above_title\" style=\"width:20px;\"><div class=\"kd-separator-line\" ><\/div><\/div><h2 class=\"kd-main-title separator_on\" style=\"font-size: 42px;line-height: 52px;\">Paso a paso<\/h2><h6 class=\"subtitle\" style=\"font-size:30px;\">Este es el proceso para hacer parte de M\u00e1s Empleo<\/h6><\/header>[vc_row_inner kd_background_overlay=&#8221;default&#8221; kd_background_image_position=&#8221;vc_row-bg-position-top&#8221; css=&#8221;.vc_custom_1686858388010{padding-bottom: 100px !important;}&#8221; css_tablet_portrait=&#8221;.vc_custom_1686858388011{padding-bottom: 70px !important;}&#8221;][vc_column_inner]<div class=\"kd-process-steps process_four_elem process-number-template\">\r\n                <ul><li class=\"pss-item  kd-animated fadeIn\" style=\"border-color: #1e73be;\" >\r\n                    <div class=\"pss-container\"><div class=\"pss-step-number\"><span style=\"color: #1e73be;\">1.<\/span><\/div><div class=\"pss-text-area\">\r\n                            <h4 >Reg\u00edstrate y crea tu usuario<\/h4>\r\n                            <p ><\/p><a class=\"process-text-link\" href=\"https:\/\/www.masempleoandi.com.co\/cv\/login\" target=\"_blank\" >\u00a1AQU\u00cd!<\/a><\/div>\r\n                    <\/div>\r\n                <\/li><li class=\"pss-item  kd-animated fadeIn\" style=\"border-color: #1e73be;\" data-animation-delay=200>\r\n                    <div class=\"pss-container\"><div class=\"pss-step-number\"><span style=\"color: #1e73be;\">2.<\/span><\/div><div class=\"pss-text-area\">\r\n                            <h4 >Crea o actualiza tu hoja de vida<\/h4>\r\n                            <p ><\/p><a class=\"process-text-link\" href=\"https:\/\/www.masempleoandi.com.co\/cv\/login\" target=\"_blank\" >\u00a1AQU\u00cd!<\/a><\/div>\r\n                    <\/div>\r\n                <\/li><li class=\"pss-item  kd-animated fadeIn\" style=\"border-color: #1e73be;\" data-animation-delay=400>\r\n                    <div class=\"pss-container\"><div class=\"pss-step-number\"><span style=\"color: #1e73be;\">3.<\/span><\/div><div class=\"pss-text-area\">\r\n                            <h4 >Consulta y aplica a las vacantes<\/h4>\r\n                            <p ><\/p><a class=\"process-text-link\" href=\"https:\/\/www.masempleoandi.com.co\/buscar_empleo\" target=\"_blank\" >\u00a1 AQU\u00cd!<\/a><\/div>\r\n                    <\/div>\r\n                <\/li><li class=\"pss-item  kd-animated fadeIn\" style=\"border-color: #1e73be;\" data-animation-delay=400>\r\n                    <div class=\"pss-container\"><div class=\"pss-step-number\"><span style=\"color: #1e73be;\">4.<\/span><\/div><div class=\"pss-text-area\">\r\n                            <h4 >Recibe orientaci\u00f3n para tu b\u00fasqueda de empleo<\/h4>\r\n                            <p ><\/p><\/div>\r\n                    <\/div>\r\n                <\/li><\/ul>\r\n            <\/div>[vc_column_text]<\/p>\n<div class=\"instructivo-card-visual\">\n<div class=\"instructivo-left\">\n<div class=\"icon-box\"><\/div>\n<\/div>\n<div class=\"instructivo-right\">\n<h3><\/h3>\n<h3 class=\"desc-visual\" style=\"text-align: left;\"><span style=\"color: #0000ff;\"><a style=\"color: #0000ff;\" href=\"https:\/\/masempleoandi.com.co\/orientacion\/wp-content\/uploads\/2025\/11\/Instructivo-Registro-de-Hoja-de-Vida-Mas-Empleo-ANDI_.pdf\" target=\"_blank\" rel=\"noopener\">\ud83d\udcdd Instructivo \u2013 Registro de Hoja de Vida<\/a><\/span><\/h3>\n<p>&nbsp;<\/p>\n<\/div>\n<\/div>\n<p>[\/vc_column_text][\/vc_column_inner][\/vc_row_inner][vc_cta h2=&#8221;Orientaci\u00f3n de empleabilidad para personas&#8221; h2_font_container=&#8221;tag:h2|font_size:42px|text_align:center|color:%23ffffff&#8221; h2_google_fonts=&#8221;font_family:Roboto%3A100%2C100italic%2C300%2C300italic%2Cregular%2Citalic%2C500%2C500italic%2C700%2C700italic%2C900%2C900italic|font_style:400%20regular%3A400%3Anormal&#8221; txt_align=&#8221;center&#8221; style=&#8221;custom&#8221; css_animation=&#8221;fadeIn&#8221; use_custom_fonts_h2=&#8221;true&#8221; custom_background=&#8221;#001162&#8243; custom_text=&#8221;#ffffff&#8221;]<\/p>\n<h6 id=\"contenido_portales\">Art\u00edculos, estudios, cursos y noticias que te ayudar\u00e1n a convertirte en el candidato ideal<\/h6>\n<p>[\/vc_cta][\/vc_column][\/vc_row][vc_row full_width=&#8221;stretch_row&#8221; gap=&#8221;10&#8243; full_height=&#8221;yes&#8221; columns_placement=&#8221;top&#8221; content_placement=&#8221;top&#8221; kd_background_overlay=&#8221;default&#8221; kd_background_image_position=&#8221;vc_row-bg-position-top&#8221; css=&#8221;.vc_custom_1706569389395{background-position: center !important;background-repeat: no-repeat !important;background-size: cover !important;}&#8221;][vc_column css=&#8221;.vc_custom_1703000104386{background-position: center !important;background-repeat: no-repeat !important;background-size: cover !important;}&#8221; css_tablet_portrait=&#8221;.vc_custom_1703000104386{padding-right: 15px !important;}&#8221; css_mobile=&#8221;.vc_custom_1703000104387{padding-top: 5px !important;}&#8221;][vc_hoverbox image=&#8221;12665&#8243; primary_title=&#8221;Cursos para desarrollar tus habilidades&#8221; primary_title_font_container=&#8221;color:%23ffffff&#8221; primary_title_use_theme_fonts=&#8221;yes&#8221; hover_title=&#8221;\u00a1Pr\u00f3ximamente!&#8221; hover_title_font_container=&#8221;font_size:40px|color:%2314548c&#8221; hover_title_google_fonts=&#8221;font_family:Roboto%3A100%2C100italic%2C300%2C300italic%2Cregular%2Citalic%2C500%2C500italic%2C700%2C700italic%2C900%2C900italic|font_style:500%20bold%20regular%3A500%3Anormal&#8221; use_custom_fonts_primary_title=&#8221;true&#8221; use_custom_fonts_hover_title=&#8221;true&#8221;][\/vc_hoverbox][vc_text_separator title=&#8221;ART\u00cdCULOS&#8221; i_icon_fontawesome=&#8221;fas fa-file-alt&#8221; i_color=&#8221;custom&#8221; i_size=&#8221;lg&#8221; color=&#8221;custom&#8221; border_width=&#8221;4&#8243; add_icon=&#8221;true&#8221; css=&#8221;.vc_custom_1703019998596{margin-bottom: 20px !important;}&#8221; accent_color=&#8221;#439fd9&#8243; i_custom_color=&#8221;#439fd9&#8243;][vc_basic_grid post_type=&#8221;ids&#8221; style=&#8221;load-more&#8221; items_per_page=&#8221;3&#8243; btn_title=&#8221;Cargar m\u00e1s&#8221; grid_id=&#8221;vc_gid:1773869785905-65b9a46d1346afe5db98535ffdb62187-10&#8243; include=&#8221;370, 366, 368, 12288, 12818&#8243;][\/vc_column][\/vc_row][vc_row full_width=&#8221;stretch_row&#8221; kd_background_overlay=&#8221;gray-color&#8221; kd_background_image_position=&#8221;vc_row-bg-position-top&#8221; css=&#8221;.vc_custom_1686085439562{padding-top: 50px !important;padding-bottom: 10px !important;}&#8221;][vc_column]<header class=\"kd-section-title col-lg-12 text-center  vc_custom_1686840275180 kd-animated fadeIn\" data-animation-delay=200><h2 class=\"kd-main-title separator_off\" >PREGUNTAS FRECUENTES<\/h2><h6 class=\"subtitle\" >La respuesta a las principales dudas de nuestros usuarios. \u00bfNo encuentras lo que buscas? \u00a1Escr\u00edbenos! andimasempleo@andi.com.co<\/h6><\/header>[vc_toggle title=&#8221;\u00bfQuienes pueden postularse?&#8221;]Cualquier persona con o sin experiencia que se encuentre en b\u00fasqueda de trabajo y cumpla con el paso a paso de M\u00e1s Empleo[\/vc_toggle][vc_toggle title=&#8221;\u00bfSi tengo alguna duda referente a la navegaci\u00f3n o servicios ofrecidos con qui\u00e9n puedo contactarme?&#8221;]El servicio de M\u00e1s Empleo de la ANDI pone a tu disposici\u00f3n el siguiente canal para acompa\u00f1ar tu proceso de b\u00fasqueda de empleo:<\/p>\n<p><strong>andimasempleo@andi.com.co<\/strong>[\/vc_toggle][vc_toggle title=&#8221;\u00bfUstedes garantizan que me contratar\u00e1n?&#8221;]Es importante que sepas que no garantizamos la contrataci\u00f3n, ya que esta decisi\u00f3n depende de cada empresa que publica la vacante, sus necesidades y criterios.<\/p>\n<p>En M\u00e1s Empleo te brindamos informaci\u00f3n, herramientas y recursos para mejorar tus posibilidades de encontrar trabajo:<\/p>\n<p>Nuestro compromiso es aportar para que cada vez m\u00e1s personas puedan contar un empleo formal y de calidad que les genere bienestar y contribuya al crecimiento sostenible y la prosperidad del pa\u00eds.[\/vc_toggle][vc_toggle title=&#8221;\u00bfLos servicios de M\u00e1s Empleo tienen alg\u00fan costo?&#8221;]Los servicios b\u00e1sicos de M\u00e1s Empleo no tienen ning\u00fan costo, ni para empresas ni para personas. Si eres una persona en busca de empleo, recuerda que no debes pagar para participar de procesos de selecci\u00f3n. As\u00ed dir\u00e1s #MeProtejo del fraude. Si te piden dinero por alguna postulaci\u00f3n, escr\u00edbenos al correo <strong>andimasempleo@andi.com.co<\/strong>[\/vc_toggle][\/vc_column][\/vc_row]<\/p>\n<\/section>","protected":false},"excerpt":{"rendered":"<p>[vc_row full_width=&#8221;stretch_row&#8221; content_placement=&#8221;middle&#8221; kd_background_overlay=&#8221;default&#8221; kd_background_image_position=&#8221;vc_row-bg-position-top&#8221; css=&#8221;.vc_custom_1686672831365{padding-top: 150px !important;padding-bottom: 60px !important;background-position: center !important;background-repeat: no-repeat !important;background-size: cover !important;}&#8221; css_mobile=&#8221;.vc_custom_1686672831366{padding-top: 100px !important;}&#8221; css_tablet_portrait=&#8221;.vc_custom_1686672831366{padding-top: [&hellip;]<\/p>\n","protected":false},"author":1,"featured_media":0,"parent":0,"menu_order":0,"comment_status":"closed","ping_status":"closed","template":"","meta":{"_monsterinsights_skip_tracking":false,"_monsterinsights_sitenote_active":false,"_monsterinsights_sitenote_note":"","_monsterinsights_sitenote_category":0,"footnotes":""},"class_list":["post-8","page","type-page","status-publish","hentry"],"_links":{"self":[{"href":"https:\/\/masempleoandi.com.co\/orientacion\/wp-json\/wp\/v2\/pages\/8","targetHints":{"allow":["GET"]}}],"collection":[{"href":"https:\/\/masempleoandi.com.co\/orientacion\/wp-json\/wp\/v2\/pages"}],"about":[{"href":"https:\/\/masempleoandi.com.co\/orientacion\/wp-json\/wp\/v2\/types\/page"}],"author":[{"embeddable":true,"href":"https:\/\/masempleoandi.com.co\/orientacion\/wp-json\/wp\/v2\/users\/1"}],"replies":[{"embeddable":true,"href":"https:\/\/masempleoandi.com.co\/orientacion\/wp-json\/wp\/v2\/comments?post=8"}],"version-history":[{"count":131,"href":"https:\/\/masempleoandi.com.co\/orientacion\/wp-json\/wp\/v2\/pages\/8\/revisions"}],"predecessor-version":[{"id":12889,"href":"https:\/\/masempleoandi.com.co\/orientacion\/wp-json\/wp\/v2\/pages\/8\/revisions\/12889"}],"wp:attachment":[{"href":"https:\/\/masempleoandi.com.co\/orientacion\/wp-json\/wp\/v2\/media?parent=8"}],"curies":[{"name":"wp","href":"https:\/\/api.w.org\/{rel}","templated":true}]}}